{"id":10,"date":"2025-07-01T15:33:45","date_gmt":"2025-07-01T15:33:45","guid":{"rendered":"https:\/\/gocreativeacademyus.com\/es\/contact\/"},"modified":"2025-07-11T17:59:12","modified_gmt":"2025-07-11T17:59:12","slug":"contact","status":"publish","type":"page","link":"https:\/\/gocreativeacademyus.com\/es\/contact\/","title":{"rendered":"Contact"},"content":{"rendered":"\t\t<div data-elementor-type=\"wp-page\" data-elementor-id=\"10\" class=\"elementor elementor-10\" data-elementor-post-type=\"page\">\n\t\t\t\t<div class=\"elementor-element elementor-element-a6d6d47 e-flex e-con-boxed e-con e-parent\" data-id=\"a6d6d47\" data-element_type=\"container\" data-e-type=\"container\">\n\t\t\t\t\t<div class=\"e-con-inner\">\n\t\t<div class=\"elementor-element elementor-element-0d21fc8 e-con-full e-flex e-con e-child\" data-id=\"0d21fc8\" data-element_type=\"container\" data-e-type=\"container\">\n\t\t\t\t<div class=\"elementor-element elementor-element-015dafc elementor-widget elementor-widget-heading\" data-id=\"015dafc\" data-element_type=\"widget\" data-e-type=\"widget\" data-widget_type=\"heading.default\">\n\t\t\t\t\t<h2 class=\"elementor-heading-title elementor-size-default\">Cont\u00e1ctanos<\/h2>\t\t\t\t<\/div>\n\t\t\t\t<div class=\"elementor-element elementor-element-93d038f elementor-widget elementor-widget-text-editor\" data-id=\"93d038f\" data-element_type=\"widget\" data-e-type=\"widget\" data-widget_type=\"text-editor.default\">\n\t\t\t\t\t\t\t\t\t<p>Estamos aqu\u00ed para responder tus preguntas y escuchar tus sugerencias.<\/p>\t\t\t\t\t\t\t\t<\/div>\n\t\t\t\t<div class=\"elementor-element elementor-element-f99f835 elementor-position-inline-start elementor-mobile-position-inline-start elementor-view-default elementor-widget elementor-widget-icon-box\" data-id=\"f99f835\" data-element_type=\"widget\" data-e-type=\"widget\" data-widget_type=\"icon-box.default\">\n\t\t\t\t\t\t\t<div class=\"elementor-icon-box-wrapper\">\n\n\t\t\t\t\t\t<div class=\"elementor-icon-box-icon\">\n\t\t\t\t<span  class=\"elementor-icon\">\n\t\t\t\t<svg aria-hidden=\"true\" class=\"e-font-icon-svg e-fas-phone-square-alt\" viewBox=\"0 0 448 512\" xmlns=\"http:\/\/www.w3.org\/2000\/svg\"><path d=\"M400 32H48A48 48 0 0 0 0 80v352a48 48 0 0 0 48 48h352a48 48 0 0 0 48-48V80a48 48 0 0 0-48-48zm-16.39 307.37l-15 65A15 15 0 0 1 354 416C194 416 64 286.29 64 126a15.7 15.7 0 0 1 11.63-14.61l65-15A18.23 18.23 0 0 1 144 96a16.27 16.27 0 0 1 13.79 9.09l30 70A17.9 17.9 0 0 1 189 181a17 17 0 0 1-5.5 11.61l-37.89 31a231.91 231.91 0 0 0 110.78 110.78l31-37.89A17 17 0 0 1 299 291a17.85 17.85 0 0 1 5.91 1.21l70 30A16.25 16.25 0 0 1 384 336a17.41 17.41 0 0 1-.39 3.37z\"><\/path><\/svg>\t\t\t\t<\/span>\n\t\t\t<\/div>\n\t\t\t\n\t\t\t\t\t\t<div class=\"elementor-icon-box-content\">\n\n\t\t\t\t\n\t\t\t\t\t\t\t\t\t<p class=\"elementor-icon-box-description\">\n\t\t\t\t\t\t+1 (347) 828-2040\t\t\t\t\t<\/p>\n\t\t\t\t\n\t\t\t<\/div>\n\t\t\t\n\t\t<\/div>\n\t\t\t\t\t\t<\/div>\n\t\t\t\t<div class=\"elementor-element elementor-element-9609885 elementor-position-inline-start elementor-mobile-position-inline-start elementor-view-default elementor-widget elementor-widget-icon-box\" data-id=\"9609885\" data-element_type=\"widget\" data-e-type=\"widget\" data-widget_type=\"icon-box.default\">\n\t\t\t\t\t\t\t<div class=\"elementor-icon-box-wrapper\">\n\n\t\t\t\t\t\t<div class=\"elementor-icon-box-icon\">\n\t\t\t\t<span  class=\"elementor-icon\">\n\t\t\t\t<svg aria-hidden=\"true\" class=\"e-font-icon-svg e-far-envelope\" viewBox=\"0 0 512 512\" xmlns=\"http:\/\/www.w3.org\/2000\/svg\"><path d=\"M464 64H48C21.49 64 0 85.49 0 112v288c0 26.51 21.49 48 48 48h416c26.51 0 48-21.49 48-48V112c0-26.51-21.49-48-48-48zm0 48v40.805c-22.422 18.259-58.168 46.651-134.587 106.49-16.841 13.247-50.201 45.072-73.413 44.701-23.208.375-56.579-31.459-73.413-44.701C106.18 199.465 70.425 171.067 48 152.805V112h416zM48 400V214.398c22.914 18.251 55.409 43.862 104.938 82.646 21.857 17.205 60.134 55.186 103.062 54.955 42.717.231 80.509-37.199 103.053-54.947 49.528-38.783 82.032-64.401 104.947-82.653V400H48z\"><\/path><\/svg>\t\t\t\t<\/span>\n\t\t\t<\/div>\n\t\t\t\n\t\t\t\t\t\t<div class=\"elementor-icon-box-content\">\n\n\t\t\t\t\n\t\t\t\t\t\t\t\t\t<p class=\"elementor-icon-box-description\">\n\t\t\t\t\t\tcvaldez@gocreativestudios.com\t\t\t\t\t<\/p>\n\t\t\t\t\n\t\t\t<\/div>\n\t\t\t\n\t\t<\/div>\n\t\t\t\t\t\t<\/div>\n\t\t\t\t<div class=\"elementor-element elementor-element-43c6c2a elementor-position-inline-start elementor-mobile-position-inline-start elementor-view-default elementor-widget elementor-widget-icon-box\" data-id=\"43c6c2a\" data-element_type=\"widget\" data-e-type=\"widget\" data-widget_type=\"icon-box.default\">\n\t\t\t\t\t\t\t<div class=\"elementor-icon-box-wrapper\">\n\n\t\t\t\t\t\t<div class=\"elementor-icon-box-icon\">\n\t\t\t\t<span  class=\"elementor-icon\">\n\t\t\t\t<svg aria-hidden=\"true\" class=\"e-font-icon-svg e-fas-map-marker-alt\" viewBox=\"0 0 384 512\" xmlns=\"http:\/\/www.w3.org\/2000\/svg\"><path d=\"M172.268 501.67C26.97 291.031 0 269.413 0 192 0 85.961 85.961 0 192 0s192 85.961 192 192c0 77.413-26.97 99.031-172.268 309.67-9.535 13.774-29.93 13.773-39.464 0zM192 272c44.183 0 80-35.817 80-80s-35.817-80-80-80-80 35.817-80 80 35.817 80 80 80z\"><\/path><\/svg>\t\t\t\t<\/span>\n\t\t\t<\/div>\n\t\t\t\n\t\t\t\t\t\t<div class=\"elementor-icon-box-content\">\n\n\t\t\t\t\n\t\t\t\t\t\t\t\t\t<p class=\"elementor-icon-box-description\">\n\t\t\t\t\t\t448 E 173rd St, Bronx, NY 10457, United States\t\t\t\t\t<\/p>\n\t\t\t\t\n\t\t\t<\/div>\n\t\t\t\n\t\t<\/div>\n\t\t\t\t\t\t<\/div>\n\t\t\t\t<\/div>\n\t\t<div class=\"elementor-element elementor-element-0fe9c87 e-con-full e-flex e-con e-child\" data-id=\"0fe9c87\" data-element_type=\"container\" data-e-type=\"container\">\n\t\t\t\t<div class=\"elementor-element elementor-element-a6c8b88 elementor-widget elementor-widget-heading\" data-id=\"a6c8b88\" data-element_type=\"widget\" data-e-type=\"widget\" data-widget_type=\"heading.default\">\n\t\t\t\t\t<h2 class=\"elementor-heading-title elementor-size-default\">Formulario de contacto<\/h2>\t\t\t\t<\/div>\n\t\t\t\t<div class=\"elementor-element elementor-element-bac91aa elementor-button-align-stretch elementor-widget elementor-widget-form\" data-id=\"bac91aa\" data-element_type=\"widget\" data-e-type=\"widget\" data-settings=\"{&quot;step_next_label&quot;:&quot;Next&quot;,&quot;step_previous_label&quot;:&quot;Previous&quot;,&quot;button_width&quot;:&quot;100&quot;,&quot;step_type&quot;:&quot;number_text&quot;,&quot;step_icon_shape&quot;:&quot;circle&quot;}\" data-widget_type=\"form.default\">\n\t\t\t\t\t\t\t<form class=\"elementor-form\" method=\"post\" name=\"New Form\" aria-label=\"New Form\">\n\t\t\t<input type=\"hidden\" name=\"post_id\" value=\"10\"\/>\n\t\t\t<input type=\"hidden\" name=\"form_id\" value=\"bac91aa\"\/>\n\t\t\t<input type=\"hidden\" name=\"referer_title\" value=\"Contact - Go Creative Academy - Aprende a Venderle al Gobierno de USA 2025\" \/>\n\n\t\t\t\t\t\t\t<input type=\"hidden\" name=\"queried_id\" value=\"10\"\/>\n\t\t\t\n\t\t\t<div class=\"elementor-form-fields-wrapper elementor-labels-above\">\n\t\t\t\t\t\t\t\t<div class=\"elementor-field-type-text elementor-field-group elementor-column elementor-field-group-name elementor-col-100\">\n\t\t\t\t\t\t\t\t\t\t\t\t<label for=\"form-field-name\" class=\"elementor-field-label\">\n\t\t\t\t\t\t\t\tName\t\t\t\t\t\t\t<\/label>\n\t\t\t\t\t\t\t\t\t\t\t\t\t\t<input size=\"1\" type=\"text\" name=\"form_fields[name]\" id=\"form-field-name\" class=\"elementor-field elementor-size-sm  elementor-field-textual\" placeholder=\"Name\">\n\t\t\t\t\t\t\t\t\t\t\t<\/div>\n\t\t\t\t\t\t\t\t<div class=\"elementor-field-type-email elementor-field-group elementor-column elementor-field-group-email elementor-col-100 elementor-field-required\">\n\t\t\t\t\t\t\t\t\t\t\t\t<label for=\"form-field-email\" class=\"elementor-field-label\">\n\t\t\t\t\t\t\t\tEmail\t\t\t\t\t\t\t<\/label>\n\t\t\t\t\t\t\t\t\t\t\t\t\t\t<input size=\"1\" type=\"email\" name=\"form_fields[email]\" id=\"form-field-email\" class=\"elementor-field elementor-size-sm  elementor-field-textual\" placeholder=\"Email\" required=\"required\">\n\t\t\t\t\t\t\t\t\t\t\t<\/div>\n\t\t\t\t\t\t\t\t<div class=\"elementor-field-type-text elementor-field-group elementor-column elementor-field-group-field_2f5cead elementor-col-100\">\n\t\t\t\t\t\t\t\t\t\t\t\t<label for=\"form-field-field_2f5cead\" class=\"elementor-field-label\">\n\t\t\t\t\t\t\t\tAsunto\t\t\t\t\t\t\t<\/label>\n\t\t\t\t\t\t\t\t\t\t\t\t\t\t<input size=\"1\" type=\"text\" name=\"form_fields[field_2f5cead]\" id=\"form-field-field_2f5cead\" class=\"elementor-field elementor-size-sm  elementor-field-textual\" placeholder=\"Asunto\">\n\t\t\t\t\t\t\t\t\t\t\t<\/div>\n\t\t\t\t\t\t\t\t<div class=\"elementor-field-type-textarea elementor-field-group elementor-column elementor-field-group-message elementor-col-100\">\n\t\t\t\t\t\t\t\t\t\t\t\t<label for=\"form-field-message\" class=\"elementor-field-label\">\n\t\t\t\t\t\t\t\tMessage\t\t\t\t\t\t\t<\/label>\n\t\t\t\t\t\t<textarea class=\"elementor-field-textual elementor-field  elementor-size-sm\" name=\"form_fields[message]\" id=\"form-field-message\" rows=\"4\" placeholder=\"Message\"><\/textarea>\t\t\t\t<\/div>\n\t\t\t\t\t\t\t\t<div class=\"elementor-field-group elementor-column elementor-field-type-submit elementor-col-100 e-form__buttons\">\n\t\t\t\t\t<button class=\"elementor-button elementor-size-sm\" type=\"submit\">\n\t\t\t\t\t\t<span class=\"elementor-button-content-wrapper\">\n\t\t\t\t\t\t\t\t\t\t\t\t\t\t\t\t\t\t\t\t\t\t<span class=\"elementor-button-text\">Send<\/span>\n\t\t\t\t\t\t\t\t\t\t\t\t\t<\/span>\n\t\t\t\t\t<\/button>\n\t\t\t\t<\/div>\n\t\t\t<\/div>\n\t\t<\/form>\n\t\t\t\t\t\t<\/div>\n\t\t\t\t<\/div>\n\t\t\t\t\t<\/div>\n\t\t\t\t<\/div>\n\t\t\t\t<\/div>\n\t\t","protected":false},"excerpt":{"rendered":"<p>Cont\u00e1ctanos Estamos aqu\u00ed para responder tus preguntas y escuchar tus sugerencias. +1 (347) 828-2040 cvaldez@gocreativestudios.com 448 E 173rd St, Bronx, [&hellip;]<\/p>\n","protected":false},"author":1,"featured_media":0,"parent":0,"menu_order":0,"comment_status":"closed","ping_status":"closed","template":"","meta":{"nf_dc_page":"","om_disable_all_campaigns":false,"_monsterinsights_skip_tracking":false,"_monsterinsights_sitenote_active":false,"_monsterinsights_sitenote_note":"","_monsterinsights_sitenote_category":0,"site-sidebar-layout":"default","site-content-layout":"","ast-site-content-layout":"default","site-content-style":"default","site-sidebar-style":"default","ast-global-header-display":"","ast-banner-title-visibility":"","ast-main-header-display":"","ast-hfb-above-header-display":"","ast-hfb-below-header-display":"","ast-hfb-mobile-header-display":"","site-post-title":"","ast-breadcrumbs-content":"","ast-featured-img":"","footer-sml-layout":"","ast-disable-related-posts":"","theme-transparent-header-meta":"","adv-header-id-meta":"","stick-header-meta":"","header-above-stick-meta":"","header-main-stick-meta":"","header-below-stick-meta":"","astra-migrate-meta-layouts":"default","ast-page-background-enabled":"default","ast-page-background-meta":{"desktop":{"background-color":"var(--ast-global-color-5)","background-image":"","background-repeat":"repeat","background-position":"center center","background-size":"auto","background-attachment":"scroll","background-type":"","background-media":"","overlay-type":"","overlay-color":"","overlay-opacity":"","overlay-gradient":""},"tablet":{"background-color":"","background-image":"","background-repeat":"repeat","background-position":"center center","background-size":"auto","background-attachment":"scroll","background-type":"","background-media":"","overlay-type":"","overlay-color":"","overlay-opacity":"","overlay-gradient":""},"mobile":{"background-color":"","background-image":"","background-repeat":"repeat","background-position":"center center","background-size":"auto","background-attachment":"scroll","background-type":"","background-media":"","overlay-type":"","overlay-color":"","overlay-opacity":"","overlay-gradient":""}},"ast-content-background-meta":{"desktop":{"background-color":"var(--ast-global-color-4)","background-image":"","background-repeat":"repeat","background-position":"center center","background-size":"auto","background-attachment":"scroll","background-type":"","background-media":"","overlay-type":"","overlay-color":"","overlay-opacity":"","overlay-gradient":""},"tablet":{"background-color":"var(--ast-global-color-4)","background-image":"","background-repeat":"repeat","background-position":"center center","background-size":"auto","background-attachment":"scroll","background-type":"","background-media":"","overlay-type":"","overlay-color":"","overlay-opacity":"","overlay-gradient":""},"mobile":{"background-color":"var(--ast-global-color-4)","background-image":"","background-repeat":"repeat","background-position":"center center","background-size":"auto","background-attachment":"scroll","background-type":"","background-media":"","overlay-type":"","overlay-color":"","overlay-opacity":"","overlay-gradient":""}},"footnotes":""},"class_list":["post-10","page","type-page","status-publish","hentry"],"yoast_head":"<!-- This site is optimized with the Yoast SEO plugin v27.4 - https:\/\/yoast.com\/product\/yoast-seo-wordpress\/ -->\n<title>Contact - Go Creative Academy - Aprende a Venderle al Gobierno de USA 2025<\/title>\n<meta name=\"robots\" content=\"index, follow, max-snippet:-1, max-image-preview:large, max-video-preview:-1\" \/>\n<link rel=\"canonical\" href=\"https:\/\/gocreativeacademyus.com\/es\/contact\/\" \/>\n<meta property=\"og:locale\" content=\"en_US\" \/>\n<meta property=\"og:type\" content=\"article\" \/>\n<meta property=\"og:title\" content=\"Contact - Go Creative Academy - Aprende a Venderle al Gobierno de USA 2025\" \/>\n<meta property=\"og:description\" content=\"Cont\u00e1ctanos Estamos aqu\u00ed para responder tus preguntas y escuchar tus sugerencias. +1 (347) 828-2040 cvaldez@gocreativestudios.com 448 E 173rd St, Bronx, [&hellip;]\" \/>\n<meta property=\"og:url\" content=\"https:\/\/gocreativeacademyus.com\/es\/contact\/\" \/>\n<meta property=\"og:site_name\" content=\"Go Creative Academy - Aprende a Venderle al Gobierno de USA 2025\" \/>\n<meta property=\"article:modified_time\" content=\"2025-07-11T17:59:12+00:00\" \/>\n<meta name=\"twitter:card\" content=\"summary_large_image\" \/>\n<meta name=\"twitter:label1\" content=\"Est. reading time\" \/>\n\t<meta name=\"twitter:data1\" content=\"1 minute\" \/>\n<script type=\"application\/ld+json\" class=\"yoast-schema-graph\">{\"@context\":\"https:\\\/\\\/schema.org\",\"@graph\":[{\"@type\":\"WebPage\",\"@id\":\"https:\\\/\\\/gocreativeacademyus.com\\\/es\\\/contact\\\/\",\"url\":\"https:\\\/\\\/gocreativeacademyus.com\\\/es\\\/contact\\\/\",\"name\":\"Contact - Go Creative Academy - Aprende a Venderle al Gobierno de USA 2025\",\"isPartOf\":{\"@id\":\"https:\\\/\\\/gocreativeacademyus.com\\\/es\\\/#website\"},\"datePublished\":\"2025-07-01T15:33:45+00:00\",\"dateModified\":\"2025-07-11T17:59:12+00:00\",\"breadcrumb\":{\"@id\":\"https:\\\/\\\/gocreativeacademyus.com\\\/es\\\/contact\\\/#breadcrumb\"},\"inLanguage\":\"en-US\",\"potentialAction\":[{\"@type\":\"ReadAction\",\"target\":[\"https:\\\/\\\/gocreativeacademyus.com\\\/es\\\/contact\\\/\"]}]},{\"@type\":\"BreadcrumbList\",\"@id\":\"https:\\\/\\\/gocreativeacademyus.com\\\/es\\\/contact\\\/#breadcrumb\",\"itemListElement\":[{\"@type\":\"ListItem\",\"position\":1,\"name\":\"Home\",\"item\":\"https:\\\/\\\/gocreativeacademyus.com\\\/es\\\/\"},{\"@type\":\"ListItem\",\"position\":2,\"name\":\"Contact\"}]},{\"@type\":\"WebSite\",\"@id\":\"https:\\\/\\\/gocreativeacademyus.com\\\/es\\\/#website\",\"url\":\"https:\\\/\\\/gocreativeacademyus.com\\\/es\\\/\",\"name\":\"Go Creative Academy - Aprende a Venderle al Gobierno de USA 2025\",\"description\":\"\",\"publisher\":{\"@id\":\"https:\\\/\\\/gocreativeacademyus.com\\\/es\\\/#organization\"},\"potentialAction\":[{\"@type\":\"SearchAction\",\"target\":{\"@type\":\"EntryPoint\",\"urlTemplate\":\"https:\\\/\\\/gocreativeacademyus.com\\\/es\\\/?s={search_term_string}\"},\"query-input\":{\"@type\":\"PropertyValueSpecification\",\"valueRequired\":true,\"valueName\":\"search_term_string\"}}],\"inLanguage\":\"en-US\"},{\"@type\":\"Organization\",\"@id\":\"https:\\\/\\\/gocreativeacademyus.com\\\/es\\\/#organization\",\"name\":\"Go Creative Academy - Aprende a Venderle al Gobierno de USA 2025\",\"url\":\"https:\\\/\\\/gocreativeacademyus.com\\\/es\\\/\",\"logo\":{\"@type\":\"ImageObject\",\"inLanguage\":\"en-US\",\"@id\":\"https:\\\/\\\/gocreativeacademyus.com\\\/es\\\/#\\\/schema\\\/logo\\\/image\\\/\",\"url\":\"https:\\\/\\\/i0.wp.com\\\/gocreativeacademyus.com\\\/es\\\/wp-content\\\/uploads\\\/2025\\\/07\\\/LOgo-GCA-XL.png?fit=946%2C224&ssl=1\",\"contentUrl\":\"https:\\\/\\\/i0.wp.com\\\/gocreativeacademyus.com\\\/es\\\/wp-content\\\/uploads\\\/2025\\\/07\\\/LOgo-GCA-XL.png?fit=946%2C224&ssl=1\",\"width\":946,\"height\":224,\"caption\":\"Go Creative Academy - Aprende a Venderle al Gobierno de USA 2025\"},\"image\":{\"@id\":\"https:\\\/\\\/gocreativeacademyus.com\\\/es\\\/#\\\/schema\\\/logo\\\/image\\\/\"}}]}<\/script>\n<!-- \/ Yoast SEO plugin. -->","yoast_head_json":{"title":"Contact - Go Creative Academy - Aprende a Venderle al Gobierno de USA 2025","robots":{"index":"index","follow":"follow","max-snippet":"max-snippet:-1","max-image-preview":"max-image-preview:large","max-video-preview":"max-video-preview:-1"},"canonical":"https:\/\/gocreativeacademyus.com\/es\/contact\/","og_locale":"en_US","og_type":"article","og_title":"Contact - Go Creative Academy - Aprende a Venderle al Gobierno de USA 2025","og_description":"Cont\u00e1ctanos Estamos aqu\u00ed para responder tus preguntas y escuchar tus sugerencias. +1 (347) 828-2040 cvaldez@gocreativestudios.com 448 E 173rd St, Bronx, [&hellip;]","og_url":"https:\/\/gocreativeacademyus.com\/es\/contact\/","og_site_name":"Go Creative Academy - Aprende a Venderle al Gobierno de USA 2025","article_modified_time":"2025-07-11T17:59:12+00:00","twitter_card":"summary_large_image","twitter_misc":{"Est. reading time":"1 minute"},"schema":{"@context":"https:\/\/schema.org","@graph":[{"@type":"WebPage","@id":"https:\/\/gocreativeacademyus.com\/es\/contact\/","url":"https:\/\/gocreativeacademyus.com\/es\/contact\/","name":"Contact - Go Creative Academy - Aprende a Venderle al Gobierno de USA 2025","isPartOf":{"@id":"https:\/\/gocreativeacademyus.com\/es\/#website"},"datePublished":"2025-07-01T15:33:45+00:00","dateModified":"2025-07-11T17:59:12+00:00","breadcrumb":{"@id":"https:\/\/gocreativeacademyus.com\/es\/contact\/#breadcrumb"},"inLanguage":"en-US","potentialAction":[{"@type":"ReadAction","target":["https:\/\/gocreativeacademyus.com\/es\/contact\/"]}]},{"@type":"BreadcrumbList","@id":"https:\/\/gocreativeacademyus.com\/es\/contact\/#breadcrumb","itemListElement":[{"@type":"ListItem","position":1,"name":"Home","item":"https:\/\/gocreativeacademyus.com\/es\/"},{"@type":"ListItem","position":2,"name":"Contact"}]},{"@type":"WebSite","@id":"https:\/\/gocreativeacademyus.com\/es\/#website","url":"https:\/\/gocreativeacademyus.com\/es\/","name":"Go Creative Academy - Aprende a Venderle al Gobierno de USA 2025","description":"","publisher":{"@id":"https:\/\/gocreativeacademyus.com\/es\/#organization"},"potentialAction":[{"@type":"SearchAction","target":{"@type":"EntryPoint","urlTemplate":"https:\/\/gocreativeacademyus.com\/es\/?s={search_term_string}"},"query-input":{"@type":"PropertyValueSpecification","valueRequired":true,"valueName":"search_term_string"}}],"inLanguage":"en-US"},{"@type":"Organization","@id":"https:\/\/gocreativeacademyus.com\/es\/#organization","name":"Go Creative Academy - Aprende a Venderle al Gobierno de USA 2025","url":"https:\/\/gocreativeacademyus.com\/es\/","logo":{"@type":"ImageObject","inLanguage":"en-US","@id":"https:\/\/gocreativeacademyus.com\/es\/#\/schema\/logo\/image\/","url":"https:\/\/i0.wp.com\/gocreativeacademyus.com\/es\/wp-content\/uploads\/2025\/07\/LOgo-GCA-XL.png?fit=946%2C224&ssl=1","contentUrl":"https:\/\/i0.wp.com\/gocreativeacademyus.com\/es\/wp-content\/uploads\/2025\/07\/LOgo-GCA-XL.png?fit=946%2C224&ssl=1","width":946,"height":224,"caption":"Go Creative Academy - Aprende a Venderle al Gobierno de USA 2025"},"image":{"@id":"https:\/\/gocreativeacademyus.com\/es\/#\/schema\/logo\/image\/"}}]}},"jetpack_sharing_enabled":true,"jetpack-related-posts":[{"id":237,"url":"https:\/\/gocreativeacademyus.com\/es\/","url_meta":{"origin":10,"position":0},"title":"Home Corporativa","author":"Manuel Matos","date":"July 2, 2025","format":false,"excerpt":"Empieza con la estrategia correcta para venderle al Gobierno de EE.\u202fUU.Registrarse en SAM.gov es solo el primer paso. Te guiamos desde la preparaci\u00f3n hasta la postulaci\u00f3n para que evites errores costosos.Solicita tu evaluaci\u00f3n gratuitaConvierte tu registro en contratos reales con asesor\u00eda estrat\u00e9gicaAnalizamos tu perfil, seleccionamos oportunidades viables y te ayudamos\u2026","rel":"","context":"Similar post","block_context":{"text":"Similar post","link":""},"img":{"alt_text":"","src":"https:\/\/i0.wp.com\/gocreativeacademyus.com\/es\/wp-content\/uploads\/2025\/07\/EBOOK-CONTRATACION-GUBERNAMENTAL-1.webp?resize=350%2C200&ssl=1","width":350,"height":200,"srcset":"https:\/\/i0.wp.com\/gocreativeacademyus.com\/es\/wp-content\/uploads\/2025\/07\/EBOOK-CONTRATACION-GUBERNAMENTAL-1.webp?resize=350%2C200&ssl=1 1x, https:\/\/i0.wp.com\/gocreativeacademyus.com\/es\/wp-content\/uploads\/2025\/07\/EBOOK-CONTRATACION-GUBERNAMENTAL-1.webp?resize=525%2C300&ssl=1 1.5x"},"classes":[]},{"id":114,"url":"https:\/\/gocreativeacademyus.com\/es\/home\/","url_meta":{"origin":10,"position":1},"title":"Home webinar","author":"Manuel Matos","date":"July 2, 2025","format":false,"excerpt":"LLEVA TU NEGOCIO AL PR\u00d3XIMO NIVEL, APRENDIENDO COMO VENDERLE AL GOBIERNO de usa Descubre c\u00f3mo conseguir contratos p\u00fablicos a nivel municipal, estatal y federal, incluso si nunca has trabajado con el gobierno de los Estados Unidos. Quiero acceso 231+ Estudiantes Online 4.7 Score 30 horas \u00bfConoces nuetra gu\u00eda? Resgistrate y\u2026","rel":"","context":"Similar post","block_context":{"text":"Similar post","link":""},"img":{"alt_text":"","src":"https:\/\/i0.wp.com\/gocreativeacademyus.com\/es\/wp-content\/uploads\/2025\/07\/Call-us.webp?resize=350%2C200&ssl=1","width":350,"height":200,"srcset":"https:\/\/i0.wp.com\/gocreativeacademyus.com\/es\/wp-content\/uploads\/2025\/07\/Call-us.webp?resize=350%2C200&ssl=1 1x, https:\/\/i0.wp.com\/gocreativeacademyus.com\/es\/wp-content\/uploads\/2025\/07\/Call-us.webp?resize=525%2C300&ssl=1 1.5x, https:\/\/i0.wp.com\/gocreativeacademyus.com\/es\/wp-content\/uploads\/2025\/07\/Call-us.webp?resize=700%2C400&ssl=1 2x"},"classes":[]},{"id":109,"url":"https:\/\/gocreativeacademyus.com\/es\/cta-footer-webp\/","url_meta":{"origin":10,"position":2},"title":"CTA-footer.webp","author":"Manuel Matos","date":"July 2, 2025","format":false,"excerpt":"","rel":"","context":"Similar post","block_context":{"text":"Similar post","link":""},"img":{"alt_text":"","src":"https:\/\/i0.wp.com\/gocreativeacademyus.com\/es\/wp-content\/uploads\/2025\/07\/CTA-footer.webp?fit=1200%2C736&ssl=1&resize=350%2C200","width":350,"height":200,"srcset":"https:\/\/i0.wp.com\/gocreativeacademyus.com\/es\/wp-content\/uploads\/2025\/07\/CTA-footer.webp?fit=1200%2C736&ssl=1&resize=350%2C200 1x, https:\/\/i0.wp.com\/gocreativeacademyus.com\/es\/wp-content\/uploads\/2025\/07\/CTA-footer.webp?fit=1200%2C736&ssl=1&resize=525%2C300 1.5x, https:\/\/i0.wp.com\/gocreativeacademyus.com\/es\/wp-content\/uploads\/2025\/07\/CTA-footer.webp?fit=1200%2C736&ssl=1&resize=700%2C400 2x, https:\/\/i0.wp.com\/gocreativeacademyus.com\/es\/wp-content\/uploads\/2025\/07\/CTA-footer.webp?fit=1200%2C736&ssl=1&resize=1050%2C600 3x"},"classes":[]}],"_links":{"self":[{"href":"https:\/\/gocreativeacademyus.com\/es\/wp-json\/wp\/v2\/pages\/10","targetHints":{"allow":["GET"]}}],"collection":[{"href":"https:\/\/gocreativeacademyus.com\/es\/wp-json\/wp\/v2\/pages"}],"about":[{"href":"https:\/\/gocreativeacademyus.com\/es\/wp-json\/wp\/v2\/types\/page"}],"author":[{"embeddable":true,"href":"https:\/\/gocreativeacademyus.com\/es\/wp-json\/wp\/v2\/users\/1"}],"replies":[{"embeddable":true,"href":"https:\/\/gocreativeacademyus.com\/es\/wp-json\/wp\/v2\/comments?post=10"}],"version-history":[{"count":5,"href":"https:\/\/gocreativeacademyus.com\/es\/wp-json\/wp\/v2\/pages\/10\/revisions"}],"predecessor-version":[{"id":196,"href":"https:\/\/gocreativeacademyus.com\/es\/wp-json\/wp\/v2\/pages\/10\/revisions\/196"}],"wp:attachment":[{"href":"https:\/\/gocreativeacademyus.com\/es\/wp-json\/wp\/v2\/media?parent=10"}],"curies":[{"name":"wp","href":"https:\/\/api.w.org\/{rel}","templated":true}]}}